{"id":375,"date":"2024-10-19T11:43:24","date_gmt":"2024-10-19T09:43:24","guid":{"rendered":"https:\/\/creativeals.com\/?page_id=375"},"modified":"2024-10-20T11:04:16","modified_gmt":"2024-10-20T09:04:16","slug":"contact","status":"publish","type":"page","link":"https:\/\/creativeals.com\/index.php\/contact\/","title":{"rendered":"Contact"},"content":{"rendered":"\n<div class=\"wp-block-group is-nowrap is-layout-flex wp-container-core-group-is-layout-1 wp-block-group-is-layout-flex\">\n<div class=\"wp-block-grenada-gutenberg-container\" style=\"background-color:#0f1010;padding-top:0px;padding-bottom:0px;padding-left:0px;padding-right:0px;text-align:left\">\n<p>Contactez nous d\u00e8s maintenant, et nous vous proposerons rapidement un rendez-vous personnalis\u00e9 pour \u00e9changer sur les d\u00e9tails de votre projet. Ensemble, nous d\u00e9finirons un cahier des charges pr\u00e9cis, et vous recevrez un devis personnalis\u00e9 adapt\u00e9 \u00e0 votre demande. Selon vos besoins, nous travaillerons seuls ou avec une \u00e9quipe de sp\u00e9cialistes pour garantir un r\u00e9sultat \u00e0 la hauteur de vos attentes.<\/p>\n<\/div>\n<\/div>\n\n\n\n<div style=\"height:50px\" aria-hidden=\"true\" class=\"wp-block-spacer\"><\/div>\n\n\n\n<div class=\"wp-block-group\"><div class=\"wp-block-group__inner-container is-layout-constrained wp-block-group-is-layout-constrained\">\n<div class=\"wp-block-columns is-layout-flex wp-container-core-columns-is-layout-1 wp-block-columns-is-layout-flex\">\n<div class=\"wp-block-column is-layout-flow wp-block-column-is-layout-flow\">\n<div class=\"clapat-icon \"><i class=\"fa fa-map-marker fa-2x\" aria-hidden=\"true\"><\/i><\/div><h6>Agence de design graphique<\/h6>Normandie &#8211; Paris\n\n\n\n<div style=\"height:40px\" aria-hidden=\"true\" class=\"wp-block-spacer\"><\/div>\n\n\n\n<div class=\"clapat-icon \"><i class=\"fa fa-phone fa-2x\" aria-hidden=\"true\"><\/i><\/div><h6>+33 (0)6 10 07 55 14<\/h6>Contactez-nous par t\u00e9l\u00e9phone\n<\/div>\n\n\n\n<div class=\"wp-block-column is-layout-flow wp-block-column-is-layout-flow\">\n<div class=\"wp-block-contact-form-7-contact-form-selector\">\n<div class=\"wpcf7 no-js\" id=\"wpcf7-f461-o1\" lang=\"fr-FR\" dir=\"ltr\" data-wpcf7-id=\"461\">\n<div class=\"screen-reader-response\"><p role=\"status\" aria-live=\"polite\" aria-atomic=\"true\"><\/p> <ul><\/ul><\/div>\n<form action=\"\/index.php\/wp-json\/wp\/v2\/pages\/375#wpcf7-f461-o1\" method=\"post\" class=\"wpcf7-form init\" aria-label=\"Formulaire de contact\" novalidate=\"novalidate\" data-status=\"init\">\n<div style=\"display: none;\">\n<input type=\"hidden\" name=\"_wpcf7\" value=\"461\" \/>\n<input type=\"hidden\" name=\"_wpcf7_version\" value=\"6.0\" \/>\n<input type=\"hidden\" name=\"_wpcf7_locale\" value=\"fr_FR\" \/>\n<input type=\"hidden\" name=\"_wpcf7_unit_tag\" value=\"wpcf7-f461-o1\" \/>\n<input type=\"hidden\" name=\"_wpcf7_container_post\" value=\"0\" \/>\n<input type=\"hidden\" name=\"_wpcf7_posted_data_hash\" value=\"\" \/>\n<input type=\"hidden\" name=\"_wpcf7_recaptcha_response\" value=\"\" \/>\n<\/div>\n<p><label> Votre nom<br \/>\n<span class=\"wpcf7-form-control-wrap\" data-name=\"your-name\"><input size=\"40\" maxlength=\"400\" class=\"wpcf7-form-control wpcf7-text wpcf7-validates-as-required\" autocomplete=\"name\" aria-required=\"true\" aria-invalid=\"false\" value=\"\" type=\"text\" name=\"your-name\" \/><\/span> <\/label>\n<\/p>\n<p><label> Votre e-mail<br \/>\n<span class=\"wpcf7-form-control-wrap\" data-name=\"your-email\"><input size=\"40\" maxlength=\"400\" class=\"wpcf7-form-control wpcf7-email wpcf7-validates-as-required wpcf7-text wpcf7-validates-as-email\" autocomplete=\"email\" aria-required=\"true\" aria-invalid=\"false\" value=\"\" type=\"email\" name=\"your-email\" \/><\/span> <\/label>\n<\/p>\n<p><label> Objet<br \/>\n<span class=\"wpcf7-form-control-wrap\" data-name=\"your-subject\"><input size=\"40\" maxlength=\"400\" class=\"wpcf7-form-control wpcf7-text wpcf7-validates-as-required\" aria-required=\"true\" aria-invalid=\"false\" value=\"\" type=\"text\" name=\"your-subject\" \/><\/span> <\/label>\n<\/p>\n<p><label> Votre message<br \/>\n<span class=\"wpcf7-form-control-wrap\" data-name=\"your-message\"><textarea cols=\"40\" rows=\"10\" maxlength=\"2000\" class=\"wpcf7-form-control wpcf7-textarea\" aria-invalid=\"false\" name=\"your-message\"><\/textarea><\/span> <\/label>\n<\/p>\n<p><input class=\"wpcf7-form-control wpcf7-submit has-spinner\" type=\"submit\" value=\"Envoyer\" \/>\n<\/p><div class=\"wpcf7-response-output\" aria-hidden=\"true\"><\/div>\n<\/form>\n<\/div>\n<\/div>\n<\/div>\n<\/div>\n<\/div><\/div>\n\n\n\n<p><\/p>\n","protected":false},"excerpt":{"rendered":"Contactez nous d\u00e8s maintenant, et nous vous proposerons rapidement un rendez-vous personnalis\u00e9 pour \u00e9changer sur les d\u00e9tails de votre projet. Ensemble, nous d\u00e9finirons un cahier des charges pr\u00e9cis, et vous recevrez un devis personnalis\u00e9 adapt\u00e9 \u00e0 votre demande. Selon vos besoins, nous travaillerons seuls ou avec une \u00e9quipe de sp\u00e9cialistes pour garantir un r\u00e9sultat \u00e0 [...]","protected":false},"author":1,"featured_media":0,"parent":0,"menu_order":0,"comment_status":"closed","ping_status":"closed","template":"","meta":{"_monsterinsights_skip_tracking":false,"_monsterinsights_sitenote_active":false,"_monsterinsights_sitenote_note":"","_monsterinsights_sitenote_category":0,"footnotes":""},"class_list":["post-375","page","type-page","status-publish","hentry"],"yoast_head":"<!-- This site is optimized with the Yoast SEO plugin v23.7 - https:\/\/yoast.com\/wordpress\/plugins\/seo\/ -->\n<title>Contact &#8211; Creative Als<\/title>\n<meta name=\"description\" content=\"Prenez contact avec notre agence de design graphique pour discuter de votre projet et obtenir un devis personnalis\u00e9\" \/>\n<meta name=\"robots\" content=\"index, follow, max-snippet:-1, max-image-preview:large, max-video-preview:-1\" \/>\n<link rel=\"canonical\" href=\"https:\/\/creativeals.com\/index.php\/contact\/\" \/>\n<meta property=\"og:locale\" content=\"fr_FR\" \/>\n<meta property=\"og:type\" content=\"article\" \/>\n<meta property=\"og:title\" content=\"Contact &#8211; Creative Als\" \/>\n<meta property=\"og:description\" content=\"Prenez contact avec notre agence de design graphique pour discuter de votre projet et obtenir un devis personnalis\u00e9\" \/>\n<meta property=\"og:url\" content=\"https:\/\/creativeals.com\/index.php\/contact\/\" \/>\n<meta property=\"og:site_name\" content=\"Creative Als\" \/>\n<meta property=\"article:modified_time\" content=\"2024-10-20T09:04:16+00:00\" \/>\n<meta property=\"og:image\" content=\"https:\/\/creativeals.com\/wp-content\/uploads\/2024\/09\/cropped-nouveau-logo-ALS-1.png\" \/>\n\t<meta property=\"og:image:width\" content=\"512\" \/>\n\t<meta property=\"og:image:height\" content=\"512\" \/>\n\t<meta property=\"og:image:type\" content=\"image\/png\" \/>\n<meta name=\"twitter:card\" content=\"summary_large_image\" \/>\n<meta name=\"twitter:label1\" content=\"Dur\u00e9e de lecture estim\u00e9e\" \/>\n\t<meta name=\"twitter:data1\" content=\"1 minute\" \/>\n<script type=\"application\/ld+json\" class=\"yoast-schema-graph\">{\"@context\":\"https:\/\/schema.org\",\"@graph\":[{\"@type\":\"WebPage\",\"@id\":\"https:\/\/creativeals.com\/index.php\/contact\/\",\"url\":\"https:\/\/creativeals.com\/index.php\/contact\/\",\"name\":\"Contact &#8211; Creative Als\",\"isPartOf\":{\"@id\":\"https:\/\/creativeals.com\/#website\"},\"datePublished\":\"2024-10-19T09:43:24+00:00\",\"dateModified\":\"2024-10-20T09:04:16+00:00\",\"description\":\"Prenez contact avec notre agence de design graphique pour discuter de votre projet et obtenir un devis personnalis\u00e9\",\"breadcrumb\":{\"@id\":\"https:\/\/creativeals.com\/index.php\/contact\/#breadcrumb\"},\"inLanguage\":\"fr-FR\",\"potentialAction\":[{\"@type\":\"ReadAction\",\"target\":[\"https:\/\/creativeals.com\/index.php\/contact\/\"]}]},{\"@type\":\"BreadcrumbList\",\"@id\":\"https:\/\/creativeals.com\/index.php\/contact\/#breadcrumb\",\"itemListElement\":[{\"@type\":\"ListItem\",\"position\":1,\"name\":\"Accueil\",\"item\":\"https:\/\/creativeals.com\/\"},{\"@type\":\"ListItem\",\"position\":2,\"name\":\"Contact\"}]},{\"@type\":\"WebSite\",\"@id\":\"https:\/\/creativeals.com\/#website\",\"url\":\"https:\/\/creativeals.com\/\",\"name\":\"Als Creative\",\"description\":\"Agence de design graphique et identit\u00e9 de marque\",\"publisher\":{\"@id\":\"https:\/\/creativeals.com\/#organization\"},\"potentialAction\":[{\"@type\":\"SearchAction\",\"target\":{\"@type\":\"EntryPoint\",\"urlTemplate\":\"https:\/\/creativeals.com\/?s={search_term_string}\"},\"query-input\":{\"@type\":\"PropertyValueSpecification\",\"valueRequired\":true,\"valueName\":\"search_term_string\"}}],\"inLanguage\":\"fr-FR\"},{\"@type\":\"Organization\",\"@id\":\"https:\/\/creativeals.com\/#organization\",\"name\":\"Creative Als\",\"url\":\"https:\/\/creativeals.com\/\",\"logo\":{\"@type\":\"ImageObject\",\"inLanguage\":\"fr-FR\",\"@id\":\"https:\/\/creativeals.com\/#\/schema\/logo\/image\/\",\"url\":\"http:\/\/creativeals.com\/wp-content\/uploads\/2024\/09\/cropped-nouveau-logo-ALS-1.png\",\"contentUrl\":\"http:\/\/creativeals.com\/wp-content\/uploads\/2024\/09\/cropped-nouveau-logo-ALS-1.png\",\"width\":512,\"height\":512,\"caption\":\"Creative Als\"},\"image\":{\"@id\":\"https:\/\/creativeals.com\/#\/schema\/logo\/image\/\"}}]}<\/script>\n<!-- \/ Yoast SEO plugin. -->","yoast_head_json":{"title":"Contact &#8211; Creative Als","description":"Prenez contact avec notre agence de design graphique pour discuter de votre projet et obtenir un devis personnalis\u00e9","robots":{"index":"index","follow":"follow","max-snippet":"max-snippet:-1","max-image-preview":"max-image-preview:large","max-video-preview":"max-video-preview:-1"},"canonical":"https:\/\/creativeals.com\/index.php\/contact\/","og_locale":"fr_FR","og_type":"article","og_title":"Contact &#8211; Creative Als","og_description":"Prenez contact avec notre agence de design graphique pour discuter de votre projet et obtenir un devis personnalis\u00e9","og_url":"https:\/\/creativeals.com\/index.php\/contact\/","og_site_name":"Creative Als","article_modified_time":"2024-10-20T09:04:16+00:00","og_image":[{"width":512,"height":512,"url":"https:\/\/creativeals.com\/wp-content\/uploads\/2024\/09\/cropped-nouveau-logo-ALS-1.png","type":"image\/png"}],"twitter_card":"summary_large_image","twitter_misc":{"Dur\u00e9e de lecture estim\u00e9e":"1 minute"},"schema":{"@context":"https:\/\/schema.org","@graph":[{"@type":"WebPage","@id":"https:\/\/creativeals.com\/index.php\/contact\/","url":"https:\/\/creativeals.com\/index.php\/contact\/","name":"Contact &#8211; Creative Als","isPartOf":{"@id":"https:\/\/creativeals.com\/#website"},"datePublished":"2024-10-19T09:43:24+00:00","dateModified":"2024-10-20T09:04:16+00:00","description":"Prenez contact avec notre agence de design graphique pour discuter de votre projet et obtenir un devis personnalis\u00e9","breadcrumb":{"@id":"https:\/\/creativeals.com\/index.php\/contact\/#breadcrumb"},"inLanguage":"fr-FR","potentialAction":[{"@type":"ReadAction","target":["https:\/\/creativeals.com\/index.php\/contact\/"]}]},{"@type":"BreadcrumbList","@id":"https:\/\/creativeals.com\/index.php\/contact\/#breadcrumb","itemListElement":[{"@type":"ListItem","position":1,"name":"Accueil","item":"https:\/\/creativeals.com\/"},{"@type":"ListItem","position":2,"name":"Contact"}]},{"@type":"WebSite","@id":"https:\/\/creativeals.com\/#website","url":"https:\/\/creativeals.com\/","name":"Als Creative","description":"Agence de design graphique et identit\u00e9 de marque","publisher":{"@id":"https:\/\/creativeals.com\/#organization"},"potentialAction":[{"@type":"SearchAction","target":{"@type":"EntryPoint","urlTemplate":"https:\/\/creativeals.com\/?s={search_term_string}"},"query-input":{"@type":"PropertyValueSpecification","valueRequired":true,"valueName":"search_term_string"}}],"inLanguage":"fr-FR"},{"@type":"Organization","@id":"https:\/\/creativeals.com\/#organization","name":"Creative Als","url":"https:\/\/creativeals.com\/","logo":{"@type":"ImageObject","inLanguage":"fr-FR","@id":"https:\/\/creativeals.com\/#\/schema\/logo\/image\/","url":"http:\/\/creativeals.com\/wp-content\/uploads\/2024\/09\/cropped-nouveau-logo-ALS-1.png","contentUrl":"http:\/\/creativeals.com\/wp-content\/uploads\/2024\/09\/cropped-nouveau-logo-ALS-1.png","width":512,"height":512,"caption":"Creative Als"},"image":{"@id":"https:\/\/creativeals.com\/#\/schema\/logo\/image\/"}}]}},"_links":{"self":[{"href":"https:\/\/creativeals.com\/index.php\/wp-json\/wp\/v2\/pages\/375"}],"collection":[{"href":"https:\/\/creativeals.com\/index.php\/wp-json\/wp\/v2\/pages"}],"about":[{"href":"https:\/\/creativeals.com\/index.php\/wp-json\/wp\/v2\/types\/page"}],"author":[{"embeddable":true,"href":"https:\/\/creativeals.com\/index.php\/wp-json\/wp\/v2\/users\/1"}],"replies":[{"embeddable":true,"href":"https:\/\/creativeals.com\/index.php\/wp-json\/wp\/v2\/comments?post=375"}],"version-history":[{"count":26,"href":"https:\/\/creativeals.com\/index.php\/wp-json\/wp\/v2\/pages\/375\/revisions"}],"predecessor-version":[{"id":465,"href":"https:\/\/creativeals.com\/index.php\/wp-json\/wp\/v2\/pages\/375\/revisions\/465"}],"wp:attachment":[{"href":"https:\/\/creativeals.com\/index.php\/wp-json\/wp\/v2\/media?parent=375"}],"curies":[{"name":"wp","href":"https:\/\/api.w.org\/{rel}","templated":true}]}}